{"id":11,"date":"2015-05-05T20:58:08","date_gmt":"2015-05-05T20:58:08","guid":{"rendered":"http:\/\/klaus-meile.de\/?page_id=11"},"modified":"2021-04-16T12:21:56","modified_gmt":"2021-04-16T12:21:56","slug":"produktionen","status":"publish","type":"page","link":"http:\/\/klaus-meile.de\/?page_id=11","title":{"rendered":"Downloadbereich"},"content":{"rendered":"<p><strong>H<\/strong><span style=\"color: #000080;\"><strong>ochaufl\u00f6sende Portrait-Fotos<\/strong> <span style=\"color: #000000;\">als<\/span><\/span><span style=\"color: #000000;\"> zum Ausdruck bereite JPG-Dateien:<\/span><\/p>\n<figure id=\"attachment_663\" aria-describedby=\"caption-attachment-663\" style=\"width: 1024px\" class=\"wp-caption alignleft\"><img loading=\"lazy\" class=\"wp-image-663 size-large\" title=\"Meile_Klaus _unterBaum_ imJuli 2017\" src=\"http:\/\/klaus-meile.de\/wp-content\/uploads\/2021\/04\/Meile_Klaus_Schauspieler_Mrz-2021_Bildrechte-KerstinLoew-1024x819.jpg\" alt=\"M\u00e4rz 2021\" width=\"1024\" height=\"819\" srcset=\"http:\/\/klaus-meile.de\/wp-content\/uploads\/2021\/04\/Meile_Klaus_Schauspieler_Mrz-2021_Bildrechte-KerstinLoew-1024x819.jpg 1024w, http:\/\/klaus-meile.de\/wp-content\/uploads\/2021\/04\/Meile_Klaus_Schauspieler_Mrz-2021_Bildrechte-KerstinLoew-300x240.jpg 300w, http:\/\/klaus-meile.de\/wp-content\/uploads\/2021\/04\/Meile_Klaus_Schauspieler_Mrz-2021_Bildrechte-KerstinLoew-768x614.jpg 768w, http:\/\/klaus-meile.de\/wp-content\/uploads\/2021\/04\/Meile_Klaus_Schauspieler_Mrz-2021_Bildrechte-KerstinLoew-1536x1229.jpg 1536w, http:\/\/klaus-meile.de\/wp-content\/uploads\/2021\/04\/Meile_Klaus_Schauspieler_Mrz-2021_Bildrechte-KerstinLoew-2048x1638.jpg 2048w, http:\/\/klaus-meile.de\/wp-content\/uploads\/2021\/04\/Meile_Klaus_Schauspieler_Mrz-2021_Bildrechte-KerstinLoew-640x512.jpg 640w\" sizes=\"(max-width: 1024px) 100vw, 1024px\" \/><figcaption id=\"caption-attachment-663\" class=\"wp-caption-text\">Bildrechte Kerstin L\u00f6w<\/figcaption><\/figure>\n<p><span style=\"color: #000080;\"><strong>Klicken Sie aufs jeweilige<\/strong> <strong>Bild<\/strong>, dann \u00f6ffnet sich<\/span> <span style=\"color: #000080;\">das betreffende <strong>hochaufl\u00f6sende Portrait-Foto<\/strong> als<\/span> <span style=\"color: #000080;\">ausdruckbereite JPG-Datei<\/span>.<\/p>\n<div id='gallery-1' class='gallery galleryid-11 gallery-columns-3 gallery-size-thumbnail'><figure class='gallery-item'>\n\t\t\t<div class='gallery-icon landscape'>\n\t\t\t\t<a href='http:\/\/klaus-meile.de\/?attachment_id=397'><img width=\"150\" height=\"150\" src=\"http:\/\/klaus-meile.de\/wp-content\/uploads\/2013\/09\/Meile_Klaus_Schauspieler_2014-SW_querformat-150x150.jpg\" class=\"attachment-thumbnail size-thumbnail\" alt=\"Meile Klaus 2014\" loading=\"lazy\" aria-describedby=\"gallery-1-397\" \/><\/a>\n\t\t\t<\/div>\n\t\t\t\t<figcaption class='wp-caption-text gallery-caption' id='gallery-1-397'>\n\t\t\t\tKlaus Meile, Studio-\nPortrait (von \nStefan N\u00fctzel)\n\t\t\t\t<\/figcaption><\/figure><figure class='gallery-item'>\n\t\t\t<div class='gallery-icon landscape'>\n\t\t\t\t<a href='http:\/\/klaus-meile.de\/?attachment_id=663'><img width=\"150\" height=\"150\" src=\"http:\/\/klaus-meile.de\/wp-content\/uploads\/2021\/04\/Meile_Klaus_Schauspieler_Mrz-2021_Bildrechte-KerstinLoew-150x150.jpg\" class=\"attachment-thumbnail size-thumbnail\" alt=\"Sommer 2021\" loading=\"lazy\" aria-describedby=\"gallery-1-663\" \/><\/a>\n\t\t\t<\/div>\n\t\t\t\t<figcaption class='wp-caption-text gallery-caption' id='gallery-1-663'>\n\t\t\t\tBildrechte Kerstin L\u00f6w\n\t\t\t\t<\/figcaption><\/figure><figure class='gallery-item'>\n\t\t\t<div class='gallery-icon landscape'>\n\t\t\t\t<a href='http:\/\/klaus-meile.de\/?attachment_id=668'><img width=\"150\" height=\"150\" src=\"http:\/\/klaus-meile.de\/wp-content\/uploads\/2021\/04\/Meile_Klaus_DSC_0213_5zu3-150x150.jpg\" class=\"attachment-thumbnail size-thumbnail\" alt=\"Wiese-M\u00e4rz 2021\" loading=\"lazy\" aria-describedby=\"gallery-1-668\" \/><\/a>\n\t\t\t<\/div>\n\t\t\t\t<figcaption class='wp-caption-text gallery-caption' id='gallery-1-668'>\n\t\t\t\tOutdoor Privatfoto 2021\n\t\t\t\t<\/figcaption><\/figure><figure class='gallery-item'>\n\t\t\t<div class='gallery-icon portrait'>\n\t\t\t\t<a href='http:\/\/klaus-meile.de\/?attachment_id=398'><img width=\"150\" height=\"150\" src=\"http:\/\/klaus-meile.de\/wp-content\/uploads\/2013\/09\/Meile_Klaus_-actor-print-081_large-150x150.jpg\" class=\"attachment-thumbnail size-thumbnail\" alt=\"\" loading=\"lazy\" aria-describedby=\"gallery-1-398\" \/><\/a>\n\t\t\t<\/div>\n\t\t\t\t<figcaption class='wp-caption-text gallery-caption' id='gallery-1-398'>\n\t\t\t\tKlaus Meile (Foto-Rechte \r\nS.N\u00fctzel) Torso\/kompl. Oberk\u00f6rper\n\t\t\t\t<\/figcaption><\/figure><figure class='gallery-item'>\n\t\t\t<div class='gallery-icon portrait'>\n\t\t\t\t<a href='http:\/\/klaus-meile.de\/?attachment_id=404'><img width=\"150\" height=\"150\" src=\"http:\/\/klaus-meile.de\/wp-content\/uploads\/2015\/05\/Meile_Klaus_-Schauspieler_farbe-_web-9538-150x150.jpg\" class=\"attachment-thumbnail size-thumbnail\" alt=\"Klaus Meile Eremitage 2013\" loading=\"lazy\" aria-describedby=\"gallery-1-404\" \/><\/a>\n\t\t\t<\/div>\n\t\t\t\t<figcaption class='wp-caption-text gallery-caption' id='gallery-1-404'>\n\t\t\t\tKlaus Meile \nim Ruinentheater \nder\nBayreuther Eremitage \n\t\t\t\t<\/figcaption><\/figure><figure class='gallery-item'>\n\t\t\t<div class='gallery-icon portrait'>\n\t\t\t\t<a href='http:\/\/klaus-meile.de\/?attachment_id=189'><img width=\"150\" height=\"150\" src=\"http:\/\/klaus-meile.de\/wp-content\/uploads\/2012\/12\/meile_klaus-farbe_web-150x150.jpg\" class=\"attachment-thumbnail size-thumbnail\" alt=\"Klaus Meile _ Portraitfoto f\u00fcr die Homepage des Theater HOF\" loading=\"lazy\" aria-describedby=\"gallery-1-189\" \/><\/a>\n\t\t\t<\/div>\n\t\t\t\t<figcaption class='wp-caption-text gallery-caption' id='gallery-1-189'>\n\t\t\t\tKlaus Meile SCHAUSPIELER \nProgrammheft 2013\n\t\t\t\t<\/figcaption><\/figure>\n\t\t<\/div>\n\n<figure id=\"attachment_404\" aria-describedby=\"caption-attachment-404\" style=\"width: 279px\" class=\"wp-caption alignleft\"><a href=\"http:\/\/klaus-meile.de\/wp-content\/uploads\/2015\/05\/Meile_Klaus_-Schauspieler_farbe-_web-9538-e1430868824666.jpg\"><img loading=\"lazy\" class=\"wp-image-404 \" title=\"Meile_Klaus_ Schauspieler_farbe _web-9538\" src=\"http:\/\/klaus-meile.de\/wp-content\/uploads\/2015\/05\/Meile_Klaus_-Schauspieler_farbe-_web-9538-e1430868824666.jpg\" alt=\"Klaus Meile Eremitage Bayreuth\" width=\"279\" height=\"422\" \/><\/a><figcaption id=\"caption-attachment-404\" class=\"wp-caption-text\">Klaus Meile Eremitage in Bayreuth<\/figcaption><\/figure>\n<p>&nbsp;<\/p>\n<pre>Portraits 2014 bis 2017 (c)Stefan N\u00fctzel<\/pre>\n<p><span style=\"color: #ff0000;\"><strong><span style=\"color: #800000;\">Die Portraits Foto-Studio\/Kunst-Atelier <\/span><\/strong><\/span><span style=\"color: #ff0000;\"><strong><span style=\"color: #800000;\">Stefan Nuetzel, Wien<\/span><br \/>\n<span style=\"color: #800000;\">sind zum Teil gesch\u00fctzt (Copyright!)<\/span><\/strong><\/span><\/p>\n<pre><\/pre>\n<p style=\"text-align: justify;\"><em><strong><span style=\"color: #993300;\">\u00a0<\/span><\/strong><\/em><\/p>\n","protected":false},"excerpt":{"rendered":"<p>Hochaufl\u00f6sende Portrait-Fotos als zum Ausdruck bereite JPG-Dateien: Klicken Sie aufs jeweilige Bild, dann \u00f6ffnet sich das betreffende hochaufl\u00f6sende Portrait-Foto als ausdruckbereite JPG-Datei. &nbsp; Portraits 2014 bis 2017 (c)Stefan N\u00fctzel Die&#8230;<\/p>\n","protected":false},"author":1,"featured_media":0,"parent":0,"menu_order":4,"comment_status":"closed","ping_status":"open","template":"","meta":[],"_links":{"self":[{"href":"http:\/\/klaus-meile.de\/index.php?rest_route=\/wp\/v2\/pages\/11"}],"collection":[{"href":"http:\/\/klaus-meile.de\/index.php?rest_route=\/wp\/v2\/pages"}],"about":[{"href":"http:\/\/klaus-meile.de\/index.php?rest_route=\/wp\/v2\/types\/page"}],"author":[{"embeddable":true,"href":"http:\/\/klaus-meile.de\/index.php?rest_route=\/wp\/v2\/users\/1"}],"replies":[{"embeddable":true,"href":"http:\/\/klaus-meile.de\/index.php?rest_route=%2Fwp%2Fv2%2Fcomments&post=11"}],"version-history":[{"count":135,"href":"http:\/\/klaus-meile.de\/index.php?rest_route=\/wp\/v2\/pages\/11\/revisions"}],"predecessor-version":[{"id":674,"href":"http:\/\/klaus-meile.de\/index.php?rest_route=\/wp\/v2\/pages\/11\/revisions\/674"}],"wp:attachment":[{"href":"http:\/\/klaus-meile.de\/index.php?rest_route=%2Fwp%2Fv2%2Fmedia&parent=11"}],"curies":[{"name":"wp","href":"https:\/\/api.w.org\/{rel}","templated":true}]}}