{"id":2,"date":"2017-09-05T11:59:30","date_gmt":"2017-09-05T11:59:30","guid":{"rendered":"http:\/\/klaus-meile.de\/?page_id=2"},"modified":"2021-04-16T12:34:00","modified_gmt":"2021-04-16T12:34:00","slug":"sample-page","status":"publish","type":"page","link":"http:\/\/klaus-meile.de\/?page_id=2","title":{"rendered":"Vita"},"content":{"rendered":"<figure id=\"attachment_663\" aria-describedby=\"caption-attachment-663\" style=\"width: 256px\" class=\"wp-caption alignright\"><img loading=\"lazy\" class=\"wp-image-663 \" title=\"Klaus Meile Schauspieler\" src=\"http:\/\/klaus-meile.de\/wp-content\/uploads\/2021\/04\/Meile_Klaus_Schauspieler_Mrz-2021_Bildrechte-KerstinLoew-300x240.jpg\" alt=\"M\u00e4rz 2021\" width=\"256\" height=\"205\" srcset=\"http:\/\/klaus-meile.de\/wp-content\/uploads\/2021\/04\/Meile_Klaus_Schauspieler_Mrz-2021_Bildrechte-KerstinLoew-300x240.jpg 300w, http:\/\/klaus-meile.de\/wp-content\/uploads\/2021\/04\/Meile_Klaus_Schauspieler_Mrz-2021_Bildrechte-KerstinLoew-1024x819.jpg 1024w, http:\/\/klaus-meile.de\/wp-content\/uploads\/2021\/04\/Meile_Klaus_Schauspieler_Mrz-2021_Bildrechte-KerstinLoew-768x614.jpg 768w, http:\/\/klaus-meile.de\/wp-content\/uploads\/2021\/04\/Meile_Klaus_Schauspieler_Mrz-2021_Bildrechte-KerstinLoew-1536x1229.jpg 1536w, http:\/\/klaus-meile.de\/wp-content\/uploads\/2021\/04\/Meile_Klaus_Schauspieler_Mrz-2021_Bildrechte-KerstinLoew-2048x1638.jpg 2048w, http:\/\/klaus-meile.de\/wp-content\/uploads\/2021\/04\/Meile_Klaus_Schauspieler_Mrz-2021_Bildrechte-KerstinLoew-640x512.jpg 640w\" sizes=\"(max-width: 256px) 100vw, 256px\" \/><figcaption id=\"caption-attachment-663\" class=\"wp-caption-text\">Bildrechte Kerstin L\u00f6w<\/figcaption><\/figure>\n<h2><strong><span style=\"color: #000080;\">Klaus Meile<\/span><\/strong><span style=\"color: #000080;\"><strong> \/ Schauspieler &amp; S\u00e4nger<\/strong><\/span><\/h2>\n<p>Geburtsdatum:\u00a0 \u00a0 \u00a0 \u00a0 \u00a028.11.1968<br \/>\nGeburtsort:\u00a0 \u00a0 \u00a0 \u00a0 \u00a0 \u00a0 \u00a0 \u00a0 Bayreuth, Oberfranken<br \/>\nStimmlage:\u00a0 \u00a0 \u00a0 \u00a0 \u00a0 \u00a0 \u00a0 \u00a0 Bariton<br \/>\nK\u00f6rpergr\u00f6\u00dfe:\u00a0 \u00a0 \u00a0 \u00a0 \u00a0 \u00a0 190 cm<br \/>\nKonfektion:\u00a0 \u00a0 \u00a0 \u00a0 \u00a0 \u00a0 \u00a0 \u00a0 110<br \/>\nHaarfarbe:\u00a0 \u00a0 \u00a0 \u00a0 \u00a0 \u00a0 \u00a0 \u00a0 \u00a0 braun<br \/>\n(Haarkranz)<br \/>\nAugenfarbe:\u00a0 \u00a0 \u00a0 \u00a0 \u00a0 \u00a0 \u00a0 \u00a0braun<\/p>\n<p>Wohnm\u00f6glichkeit:\u00a0 \u00a0M\u00dcN, BER, HH, K\u00f6ln, DD, WIEN<br \/>\nF\u00fchrerschein:\u00a0 \u00a0 \u00a0 \u00a0 \u00a0 \u00a0 \u00a0B ( = Klasse 3 )<\/p>\n<p><strong>Ausbildung:<\/strong><br \/>\nMAX-REINHARDT\u2013SEMINAR Wien;\u00a0 \u00a01991-1994<br \/>\nKonservatorium der Stadt Wien;\u00a0 \u00a0 \u00a01990-1991<\/p>\n<p><strong>Kenntnisse:<\/strong><br \/>\ndiverse Dialekte:\u00a0 \u00a0 \u00a0 \u00a0 Fr\u00e4nkisch, Oberbayerisch, S\u00e4chsisch, Wienerisch u. a.<br \/>\nFremdsprachen:\u00a0 \u00a0 \u00a0 \u00a0 \u00a0Englisch und Franz\u00f6sisch (flie\u00dfend)<br \/>\nStimmimitationen:\u00a0 \u00a0Herbert Gr\u00f6nemeyer, Udo Lindenberg, Gerd Schr\u00f6der, Franz Beckenbauer u. a.<\/p>\n","protected":false},"excerpt":{"rendered":"<p>Klaus Meile \/ Schauspieler &amp; S\u00e4nger Geburtsdatum:\u00a0 \u00a0 \u00a0 \u00a0 \u00a028.11.1968 Geburtsort:\u00a0 \u00a0 \u00a0 \u00a0 \u00a0 \u00a0 \u00a0 \u00a0 Bayreuth, Oberfranken Stimmlage:\u00a0 \u00a0 \u00a0 \u00a0 \u00a0 \u00a0 \u00a0 \u00a0 Bariton&#8230;<\/p>\n","protected":false},"author":1,"featured_media":0,"parent":0,"menu_order":1,"comment_status":"closed","ping_status":"open","template":"","meta":[],"_links":{"self":[{"href":"http:\/\/klaus-meile.de\/index.php?rest_route=\/wp\/v2\/pages\/2"}],"collection":[{"href":"http:\/\/klaus-meile.de\/index.php?rest_route=\/wp\/v2\/pages"}],"about":[{"href":"http:\/\/klaus-meile.de\/index.php?rest_route=\/wp\/v2\/types\/page"}],"author":[{"embeddable":true,"href":"http:\/\/klaus-meile.de\/index.php?rest_route=\/wp\/v2\/users\/1"}],"replies":[{"embeddable":true,"href":"http:\/\/klaus-meile.de\/index.php?rest_route=%2Fwp%2Fv2%2Fcomments&post=2"}],"version-history":[{"count":63,"href":"http:\/\/klaus-meile.de\/index.php?rest_route=\/wp\/v2\/pages\/2\/revisions"}],"predecessor-version":[{"id":678,"href":"http:\/\/klaus-meile.de\/index.php?rest_route=\/wp\/v2\/pages\/2\/revisions\/678"}],"wp:attachment":[{"href":"http:\/\/klaus-meile.de\/index.php?rest_route=%2Fwp%2Fv2%2Fmedia&parent=2"}],"curies":[{"name":"wp","href":"https:\/\/api.w.org\/{rel}","templated":true}]}}