{"id":22,"date":"2017-05-05T12:00:40","date_gmt":"2017-05-05T12:00:40","guid":{"rendered":"http:\/\/klaus-meile.de\/?page_id=22"},"modified":"2021-11-11T20:03:49","modified_gmt":"2021-11-11T20:03:49","slug":"willkommen","status":"publish","type":"page","link":"http:\/\/klaus-meile.de\/","title":{"rendered":"Herzlich Willkommen &#8230;"},"content":{"rendered":"<h1>\u2026 auf meiner Homepage!<\/h1>\n<p>Hier k\u00f6nnen Sie sich umfassend \u00fcber mein kreatives Tun informieren<br \/>\nund im Fall von konkreten Anfragen<br \/>\nbitte einfach anrufen<br \/>\nunter <strong>Tel.:\u00a0 +49\u00a0(0)170 &#8211; 320 67 52<\/strong><\/p>\n<p>Ebenso k\u00f6nnen Sie mich <strong>hier<span style=\"color: #333333;\"> per<\/span><\/strong><span style=\"text-decoration: underline; color: #333333;\"> <strong><a style=\"color: #333333; text-decoration: underline;\" href=\"mailto:mail@klaus-meile.de\">E-Mail<\/a><\/strong> <\/span><strong>kontaktieren<\/strong>.<\/p>\n<p>&gt;&gt;&gt;&gt;&gt;&gt;&gt;&gt;&gt;&gt;&gt;&gt;&gt;&gt;&gt;&gt;&gt;&gt;&gt;&gt;&gt;&gt;&gt;&gt;&gt;&gt;&gt;&gt;&gt;&gt;&gt;&gt;&gt;&gt;&gt;&gt;&gt;&gt;&gt;&gt;&gt;&gt;&gt;&gt;&gt;&gt;&gt;&gt;&gt;&gt;&gt;&gt;&gt;&gt;&gt;&gt;<\/p>\n<p>Anl\u00e4sslich des 50-j\u00e4hr. Bestehens der Sendung\u00a0 <em>Aktenzeichen XY &#8230; ungel\u00f6st<\/em><br \/>\ngab es Spezialausgaben mit dem Titel <strong><em>&#8222;Aktenzeichen XY \u2026 gel\u00f6st&#8220; <\/em><\/strong>im <strong>ZDF:<\/strong><br \/>\ndie Sendungen widmen sich ausschlie\u00dflich aufgekl\u00e4rten F\u00e4llen aus 50 Jahren.<br \/>\nDiese Folgen sind noch in der Mediathek des bekannten ZDF-Formats verf\u00fcgbar.<\/p>\n<p><strong>Klaus Meile<\/strong> war in der Rolle des KHK Michel der Kripo im hessischen Dillenburg zu sehen.<\/p>\n<p><span style=\"color: #0000ff;\"><span style=\"color: #333333;\">Hier der Link zur bayerischen<\/span> <strong><span style=\"color: #000080;\">Krimi-Dokumentations-Serie <\/span><\/strong><span style=\"color: #000080;\">mit dem Titel<\/span><strong><span style=\"color: #000080;\"> &#8222;Lebensl\u00e4nglich Mord&#8220;:<br \/>\n<\/span><\/strong><\/span><a href=\"http:\/\/www.br.de\/fernsehen\/bayerisches-fernsehen\/sendungen\/lebenslaenglich-mord\/index.html\" target=\"_blank\" rel=\"noopener noreferrer\"><em><strong style=\"color: #0000ff;\">http:\/\/www.br.de\/fernsehen\/bayerisches-fernsehen\/sendungen\/lebenslaenglich-mord\/index.html<\/strong><\/em><\/a><\/p>\n<p>Ich w\u00fcnsche Ihnen viel Spa\u00df beim Durchst\u00f6bern der Seiten<br \/>\n<strong>Ihr Klaus Meile<\/strong><\/p>\n","protected":false},"excerpt":{"rendered":"<p>\u2026 auf meiner Homepage! Hier k\u00f6nnen Sie sich umfassend \u00fcber mein kreatives Tun informieren und im Fall von konkreten Anfragen bitte einfach anrufen unter Tel.:\u00a0 +49\u00a0(0)170 &#8211; 320 67 52&#8230;<\/p>\n","protected":false},"author":1,"featured_media":0,"parent":0,"menu_order":1,"comment_status":"closed","ping_status":"open","template":"","meta":[],"_links":{"self":[{"href":"http:\/\/klaus-meile.de\/index.php?rest_route=\/wp\/v2\/pages\/22"}],"collection":[{"href":"http:\/\/klaus-meile.de\/index.php?rest_route=\/wp\/v2\/pages"}],"about":[{"href":"http:\/\/klaus-meile.de\/index.php?rest_route=\/wp\/v2\/types\/page"}],"author":[{"embeddable":true,"href":"http:\/\/klaus-meile.de\/index.php?rest_route=\/wp\/v2\/users\/1"}],"replies":[{"embeddable":true,"href":"http:\/\/klaus-meile.de\/index.php?rest_route=%2Fwp%2Fv2%2Fcomments&post=22"}],"version-history":[{"count":62,"href":"http:\/\/klaus-meile.de\/index.php?rest_route=\/wp\/v2\/pages\/22\/revisions"}],"predecessor-version":[{"id":805,"href":"http:\/\/klaus-meile.de\/index.php?rest_route=\/wp\/v2\/pages\/22\/revisions\/805"}],"wp:attachment":[{"href":"http:\/\/klaus-meile.de\/index.php?rest_route=%2Fwp%2Fv2%2Fmedia&parent=22"}],"curies":[{"name":"wp","href":"https:\/\/api.w.org\/{rel}","templated":true}]}}